{"id":86,"date":"2017-01-01T18:13:11","date_gmt":"2017-01-01T17:13:11","guid":{"rendered":"http:\/\/localhost:8888\/?page_id=86"},"modified":"2024-07-08T18:51:35","modified_gmt":"2024-07-08T16:51:35","slug":"verein","status":"publish","type":"page","link":"https:\/\/sg-zweidorf-bortfeld.de\/?page_id=86","title":{"rendered":"\u00dcber uns"},"content":{"rendered":"<div class=\"wpb-content-wrapper\"><p>[vc_row][vc_column][vc_column_text]<\/p>\n<h6>SG Zweidorf\/Bortfeld<\/h6>\n<p>[\/vc_column_text][\/vc_column][\/vc_row][vc_row][vc_column width=&#8220;3\/4&#8243;][vc_column_text]1987 gr\u00fcndeten die Handballabteilungen der TB Bortfeld 1903 e.V. und des TSV Zweidorf Wendeburg 1896 e.V. im Jugendbereich die erste gemeinsame Jugendspielgemeinschaft im Handball in Niedersachsen. Unter dem Namen Handballjugendspielgemeinschaft (HJSG) Bortfeld\/Zweidorf liefen dann unsere Jugendlichen bei den Punktspielen auf.<\/p>\n<p>Im Seniorenbereich allerdings spielten die Vereine unter den traditionsreichen Vereinsnamen weiter.<\/p>\n<p>Im Juli 1999 haben dann die Handballabteilungen der Vereine TB Bortfeld 1903 e.V. und TSV Zweidorf von 1897 e.V. den zweiten Schritt vollzogen und fusionierten auch im Seniorenbereich.<\/p>\n<p>Unter dem Namen Spielgemeinschaft (SG) Zweidorf\/Bortfeld wird seitdem gemeinsam Handball gespielt.<\/p>\n<p>Ab dem 01. Januar 2016 hei\u00dft der TSV Zweidorf nun TSV 1896 Zweidorf-Wendeburg e.V. .<\/p>\n<p><strong>Gemeinde\/Ort:<\/strong>\u00a0Ans\u00e4ssig ist unsere SG in der Gemeinde Wendeburg. Wendeburg liegt zwischen den St\u00e4dten Peine und Braunschweig, direkt an der A2 (Hannover-Berlin). Die Gemeinde Wendeburg geh\u00f6rt zum Landkreis Peine.<\/p>\n<p><a href=\"https:\/\/sg-zweidorf-bortfeld.de\/wp-content\/uploads\/2024\/07\/TSV-Zweidorf-Wendeburg_01.01.2024.pdf\">TSV 1896 Zweidorf-Wendeburg e.V. Eintrittserkl\u00e4rung<\/a><\/p>\n<p><a href=\"https:\/\/sg-zweidorf-bortfeld.de\/wp-content\/uploads\/2022\/08\/TBB-Beitrittserkla\u0308rung-Info-2022.pdf\">TB Bortfeld 1903 e.V. Eintrittserkl\u00e4rung<\/a>[\/vc_column_text][\/vc_column][vc_column width=&#8220;1\/4&#8243;][vc_single_image image=&#8220;4580&#8243; img_size=&#8220;medium&#8220;][vc_single_image image=&#8220;203&#8243; img_size=&#8220;medium&#8220; alignment=&#8220;center&#8220;][vc_single_image image=&#8220;241&#8243; img_size=&#8220;large&#8220; alignment=&#8220;center&#8220;][\/vc_column][\/vc_row]<\/p>\n<\/div>","protected":false},"excerpt":{"rendered":"<p>[vc_row][vc_column][vc_column_text] SG Zweidorf\/Bortfeld [\/vc_column_text][\/vc_column][\/vc_row][vc_row][vc_column width=&#8220;3\/4&#8243;][vc_column_text]1987 gr\u00fcndeten die Handballabteilungen der TB Bortfeld 1903 e.V. und des TSV Zweidorf Wendeburg 1896 e.V. im Jugendbereich die erste gemeinsame Jugendspielgemeinschaft im Handball in Niedersachsen. Unter dem Namen Handballjugendspielgemeinschaft (HJSG) Bortfeld\/Zweidorf liefen dann unsere Jugendlichen bei den Punktspielen auf. Im Seniorenbereich allerdings spielten die Vereine unter den traditionsreichen Vereinsnamen weiter.&hellip;&nbsp;<a href=\"https:\/\/sg-zweidorf-bortfeld.de\/?page_id=86\" class=\"\" rel=\"bookmark\">Weiterlesen &raquo;<span class=\"screen-reader-text\">\u00dcber uns<\/span><\/a><\/p>\n","protected":false},"author":1,"featured_media":0,"parent":0,"menu_order":0,"comment_status":"closed","ping_status":"closed","template":"","meta":{"neve_meta_sidebar":"","neve_meta_container":"","neve_meta_enable_content_width":"off","neve_meta_content_width":100,"neve_meta_title_alignment":"","neve_meta_author_avatar":"","neve_post_elements_order":"","neve_meta_disable_header":"","neve_meta_disable_footer":"","neve_meta_disable_title":"","footnotes":""},"class_list":["post-86","page","type-page","status-publish","hentry"],"_links":{"self":[{"href":"https:\/\/sg-zweidorf-bortfeld.de\/index.php?rest_route=\/wp\/v2\/pages\/86","targetHints":{"allow":["GET"]}}],"collection":[{"href":"https:\/\/sg-zweidorf-bortfeld.de\/index.php?rest_route=\/wp\/v2\/pages"}],"about":[{"href":"https:\/\/sg-zweidorf-bortfeld.de\/index.php?rest_route=\/wp\/v2\/types\/page"}],"author":[{"embeddable":true,"href":"https:\/\/sg-zweidorf-bortfeld.de\/index.php?rest_route=\/wp\/v2\/users\/1"}],"replies":[{"embeddable":true,"href":"https:\/\/sg-zweidorf-bortfeld.de\/index.php?rest_route=%2Fwp%2Fv2%2Fcomments&post=86"}],"version-history":[{"count":13,"href":"https:\/\/sg-zweidorf-bortfeld.de\/index.php?rest_route=\/wp\/v2\/pages\/86\/revisions"}],"predecessor-version":[{"id":7270,"href":"https:\/\/sg-zweidorf-bortfeld.de\/index.php?rest_route=\/wp\/v2\/pages\/86\/revisions\/7270"}],"wp:attachment":[{"href":"https:\/\/sg-zweidorf-bortfeld.de\/index.php?rest_route=%2Fwp%2Fv2%2Fmedia&parent=86"}],"curies":[{"name":"wp","href":"https:\/\/api.w.org\/{rel}","templated":true}]}}