{"id":38,"date":"2016-09-04T21:14:34","date_gmt":"2016-09-04T19:14:34","guid":{"rendered":"http:\/\/localhost:8888\/?page_id=38"},"modified":"2023-08-25T11:36:31","modified_gmt":"2023-08-25T11:36:31","slug":"startseite","status":"publish","type":"page","link":"https:\/\/sg-zweidorf-bortfeld.de\/","title":{"rendered":"Startseite"},"content":{"rendered":"<div class=\"wpb-content-wrapper\"><p>[vc_row][vc_column][rev_slider_vc alias=&#8220;startseiteneu&#8220;][\/vc_column][\/vc_row][vc_row][vc_column width=&#8220;2\/3&#8243;][vc_column_text]<\/p>\n<h4><span style=\"color: #3366ff;\">ZWEi D\u00d6RFER &#8211; EINE LEIDENSCHAFT<\/span><\/h4>\n<h5 style=\"text-align: left;\"><a href=\"https:\/\/hvnb-handball.liga.nu\/cgi-bin\/WebObjects\/nuLigaHBDE.woa\/wa\/clubMeetings?club=32620\"><span style=\"color: #ff0000;\">Aktuelle Spiele\/Ergebnisse der Drachen<\/span><\/a><\/h5>\n<h5><a href=\"https:\/\/hvnb-handball.liga.nu\/cgi-bin\/WebObjects\/nuLigaHBDE.woa\/wa\/clubTeams?club=32620\"><span style=\"color: #ff0000;\">\u00dcbersicht aller SG Zweidorf\/Bortfeld Mannschaften mit Tabellen\/Spielpl\u00e4nen<\/span> <\/a><\/h5>\n<h5><span style=\"color: #ff0000;\"><a style=\"color: #ff0000;\" href=\"https:\/\/sg-zweidorf-bortfeld.de\/wp-content\/uploads\/2022\/07\/Anfahrt-Sporthalle-Bortfeld-Lageplan.pdf\">\u00dcbersicht der Parkpl\u00e4tze an der Sporthalle Bortfeld<\/a><\/span><\/h5>\n<p>[\/vc_column_text][vc_row_inner][vc_column_inner][vc_custom_heading text=&#8220;Aktuelles:&#8220; use_theme_fonts=&#8220;yes&#8220;][vc_column_text css=&#8220;.vc_custom_1579853983525{padding-top: 5px !important;padding-bottom: 15px !important;}&#8220;][\/vc_column_text][\/vc_column_inner][\/vc_row_inner][vc_basic_grid post_type=&#8220;post&#8220; max_items=&#8220;40&#8243; style=&#8220;pagination&#8220; items_per_page=&#8220;8&#8243; element_width=&#8220;6&#8243; paging_color=&#8220;juicy_pink&#8220; item=&#8220;570&#8243; grid_id=&#8220;vc_gid:1692963344678-c352daa7-b2b6-9&#8243;][vc_column_text][\/vc_column_text][\/vc_column][vc_column width=&#8220;1\/3&#8243;][vc_column_text]<a href=\"https:\/\/www.gil-lehrte.de\"><img loading=\"lazy\" decoding=\"async\" class=\"details-image alignnone\" draggable=\"false\" src=\"https:\/\/sg-zweidorf-bortfeld.de\/wp-content\/uploads\/2021\/11\/2ED8B535-3D4F-4403-9AA5-9AC73630DAC1-e1637075561767.jpeg\" alt=\"\" width=\"753\" height=\"245\" \/><\/a><\/p>\n<p>&nbsp;<\/p>\n<p><a href=\"http:\/\/www.oeffentliche-wendeburg.de\">\u00a0<\/a><a href=\"http:\/\/www.oeffentliche-wendeburg.de\"><img loading=\"lazy\" decoding=\"async\" class=\"details-image aligncenter\" draggable=\"false\" src=\"http:\/\/sg-zweidorf-bortfeld.de\/wp-content\/uploads\/2020\/01\/9B77F29B-AED8-4ED2-A6C5-8BCEBDEE508F-1024x308.jpeg\" alt=\"\" width=\"266\" height=\"80\" \/><\/a><\/p>\n<p>&nbsp;<\/p>\n<p><a href=\"https:\/\/www.sanders-backstube.de\"><img loading=\"lazy\" decoding=\"async\" class=\"wp-image-451 aligncenter\" src=\"http:\/\/sg-zweidorf-bortfeld.de\/wp-content\/uploads\/2016\/09\/Sander.jpg\" alt=\"\" width=\"168\" height=\"168\" srcset=\"https:\/\/sg-zweidorf-bortfeld.de\/wp-content\/uploads\/2016\/09\/Sander.jpg 188w, https:\/\/sg-zweidorf-bortfeld.de\/wp-content\/uploads\/2016\/09\/Sander-150x150.jpg 150w\" sizes=\"auto, (max-width: 168px) 100vw, 168px\" \/><\/a><\/p>\n<p><img decoding=\"async\" class=\"details-image\" draggable=\"false\" src=\"https:\/\/sg-zweidorf-bortfeld.de\/wp-content\/uploads\/2023\/07\/HVNB_Story_1080x1920_Schiedsrichter.jpg\" alt=\"\" \/>[\/vc_column_text][\/vc_column][\/vc_row]<\/p>\n<\/div>","protected":false},"excerpt":{"rendered":"<p>[vc_row][vc_column][rev_slider_vc alias=&#8220;startseiteneu&#8220;][\/vc_column][\/vc_row][vc_row][vc_column width=&#8220;2\/3&#8243;][vc_column_text] ZWEi D\u00d6RFER &#8211; EINE LEIDENSCHAFT Aktuelle Spiele\/Ergebnisse der Drachen \u00dcbersicht aller SG Zweidorf\/Bortfeld Mannschaften mit Tabellen\/Spielpl\u00e4nen \u00dcbersicht der Parkpl\u00e4tze an der Sporthalle Bortfeld [\/vc_column_text][vc_row_inner][vc_column_inner][vc_custom_heading text=&#8220;Aktuelles:&#8220; use_theme_fonts=&#8220;yes&#8220;][vc_column_text css=&#8220;.vc_custom_1579853983525{padding-top: 5px !important;padding-bottom: 15px !important;}&#8220;][\/vc_column_text][\/vc_column_inner][\/vc_row_inner][vc_basic_grid post_type=&#8220;post&#8220; max_items=&#8220;40&#8243; style=&#8220;pagination&#8220; items_per_page=&#8220;8&#8243; element_width=&#8220;6&#8243; paging_color=&#8220;juicy_pink&#8220; item=&#8220;570&#8243; grid_id=&#8220;vc_gid:1692963344678-c352daa7-b2b6-9&#8243;][vc_column_text][\/vc_column_text][\/vc_column][vc_column width=&#8220;1\/3&#8243;][vc_column_text] &nbsp; \u00a0 &nbsp; [\/vc_column_text][\/vc_column][\/vc_row]<\/p>\n","protected":false},"author":1,"featured_media":0,"parent":0,"menu_order":0,"comment_status":"closed","ping_status":"closed","template":"","meta":{"neve_meta_sidebar":"","neve_meta_container":"","neve_meta_enable_content_width":"off","neve_meta_content_width":100,"neve_meta_title_alignment":"","neve_meta_author_avatar":"","neve_post_elements_order":"","neve_meta_disable_header":"","neve_meta_disable_footer":"","neve_meta_disable_title":"on","footnotes":""},"class_list":["post-38","page","type-page","status-publish","hentry"],"_links":{"self":[{"href":"https:\/\/sg-zweidorf-bortfeld.de\/index.php?rest_route=\/wp\/v2\/pages\/38","targetHints":{"allow":["GET"]}}],"collection":[{"href":"https:\/\/sg-zweidorf-bortfeld.de\/index.php?rest_route=\/wp\/v2\/pages"}],"about":[{"href":"https:\/\/sg-zweidorf-bortfeld.de\/index.php?rest_route=\/wp\/v2\/types\/page"}],"author":[{"embeddable":true,"href":"https:\/\/sg-zweidorf-bortfeld.de\/index.php?rest_route=\/wp\/v2\/users\/1"}],"replies":[{"embeddable":true,"href":"https:\/\/sg-zweidorf-bortfeld.de\/index.php?rest_route=%2Fwp%2Fv2%2Fcomments&post=38"}],"version-history":[{"count":152,"href":"https:\/\/sg-zweidorf-bortfeld.de\/index.php?rest_route=\/wp\/v2\/pages\/38\/revisions"}],"predecessor-version":[{"id":6363,"href":"https:\/\/sg-zweidorf-bortfeld.de\/index.php?rest_route=\/wp\/v2\/pages\/38\/revisions\/6363"}],"wp:attachment":[{"href":"https:\/\/sg-zweidorf-bortfeld.de\/index.php?rest_route=%2Fwp%2Fv2%2Fmedia&parent=38"}],"curies":[{"name":"wp","href":"https:\/\/api.w.org\/{rel}","templated":true}]}}