{"id":3315,"date":"2019-10-08T16:15:33","date_gmt":"2019-10-08T16:15:33","guid":{"rendered":"http:\/\/sg-zweidorf-bortfeld.de\/?page_id=3315"},"modified":"2026-03-24T15:40:43","modified_gmt":"2026-03-24T14:40:43","slug":"vereinskollektion","status":"publish","type":"page","link":"https:\/\/sg-zweidorf-bortfeld.de\/?page_id=3315","title":{"rendered":"Vereinskolletion &#038; Fan Shop"},"content":{"rendered":"<div class=\"default-style\">\u00a0<\/div>\n<h4><strong>Drachen-Vereinskollektion by <a href=\"https:\/\/www.247group.de\/\">247Group GmbH\u00a0<\/a><\/strong><\/h4>\n<p><strong>Im Warenkorb unseren Vereinscode <span style=\"color: #ff0000;\">drachen247 <\/span>unbedingt eingeben.\u00a0<\/strong><\/p>\n<div><img decoding=\"async\" src=\"https:\/\/sg-zweidorf-bortfeld.de\/wp-content\/uploads\/2026\/03\/Cashback_SG_Zweidorf_Bortfeld.jpeg\" \/><\/div>\n<div>\u00a0<\/div>\n<div class=\"default-style\">Unsere umfangreiche Drachen-Vereinskollektion mit dem speziellen Drachen-Logo ist online bestellbar und kann in Peine\u00a0 Marktstra\u00dfe 24, 31224 Peine auch abgeholt werden.\u00a0<\/div>\n<div>\u00a0<\/div>\n<div class=\"default-style\">Die Bestellung kann vollst\u00e4ndig online abgewickelt werden.\u00a0<\/div>\n<div>\u00a0<\/div>\n<div>Bitte hier klicken: <a href=\"https:\/\/www.247teamsports.de\/Vereinskollektionen\/SG-Zweidorf-Bortfeld\/\">Online Shop\/SG Vereinskollektion<\/a>\u00a0<\/div>\n<div>\u00a0<\/div>\n<div>Beim Shop <a href=\"https:\/\/www.247group.de\/\">247Group<\/a>\u00a0 k\u00f6nnen auch weitere Artikel eingekauft werden. Zum Beispiel: Arbeitskleidung, Style, Bekleidung f\u00fcr Motorr\u00e4der, Kampfsport, Skandinavische Kindermode\u00a0<\/div>\n<div>\u00a0<\/div>\n<div>Auch bitte bei diesen Bestellungen unseren Vereinscode <strong><span style=\"color: #ff0000;\">drachen247<\/span><\/strong> im Warenkorb eingeben.\u00a0<\/div>\n<div>\u00a0<\/div>\n<div>\u00a0<\/div>\n<div>&#8212;&#8212;&#8212;&#8212;&#8212;&#8212;&#8212;&#8212;&#8212;&#8212;&#8212;&#8212;&#8212;&#8212;&#8212;&#8212;&#8212;&#8212;&#8212;&#8212;&#8212;&#8212;&#8212;&#8212;&#8212;&#8212;&#8212;&#8212;&#8212;&#8212;&#8212;&#8212;-<\/div>\n<div>\u00a0<\/div>\n<div>\u00a0<\/div>\n<h4><strong>FAN 12\u00a0 Kollektion \u00a0 \u00a0 \u00a0\u00a0<\/strong><\/h4>\n<div>Zus\u00e4tzlich zu unserer Drachen-Vereinskollektion bitten wir Euch ab sofort auch viele weitere Drachen-FAN-Artikel in einem zus\u00e4tzlichen Online-Shop an. Hier findet Ihr viele interessante Artikel aus den Bereichen Bekleidung und Accessoires (Tassen, Fahnen, Schals, Gutscheine usw.).<\/div>\n<div>Wir bieten Euch die Kollektion in Zusammenarbeit mit \u00a0\u00a0<img loading=\"lazy\" decoding=\"async\" class=\"alignnone\" src=\"https:\/\/fan12.de\/wp-content\/uploads\/2018\/03\/logo_212.png\" alt=\"\" width=\"212\" height=\"96\" \/>an.\u00a0<\/div>\n<div>\u00a0<\/div>\n<div>Zum Shop bitte hier klicken: <a href=\"https:\/\/sg-zweidorf-bortfeld.fan12.de\/\">Online FAN 12 Shop.<\/a><\/div>\n<div>\u00a0<\/div>\n<div>\u00a0<\/div>\n<div>\u00a0<\/div>\n<div>Wir w\u00fcnschen viel Spass<\/div>\n<div>SG Zweidorf\/Bortfeld<\/div>\n<div>\u00a0<\/div>\n\n\n<div class=\"wp-block-buttons is-layout-flex wp-block-buttons-is-layout-flex\"><\/div>\n\n\n\n<div class=\"wp-block-buttons is-layout-flex wp-block-buttons-is-layout-flex\"><\/div>\n\n\n\n\n\n<figure class=\"wp-block-gallery has-nested-images columns-default is-cropped wp-block-gallery-1 is-layout-flex wp-block-gallery-is-layout-flex\"><\/figure>\n\n\n\n<div class=\"wp-block-media-text is-stacked-on-mobile\"><figure class=\"wp-block-media-text__media\"><\/figure><div class=\"wp-block-media-text__content\">\n<p><\/p>\n<\/div><\/div>\n","protected":false},"excerpt":{"rendered":"<p>\u00a0 Drachen-Vereinskollektion by 247Group GmbH\u00a0 Im Warenkorb unseren Vereinscode drachen247 unbedingt eingeben.\u00a0 \u00a0 Unsere umfangreiche Drachen-Vereinskollektion mit dem speziellen Drachen-Logo ist online bestellbar und kann in Peine\u00a0 Marktstra\u00dfe 24, 31224 Peine auch abgeholt werden.\u00a0 \u00a0 Die Bestellung kann vollst\u00e4ndig online abgewickelt werden.\u00a0 \u00a0 Bitte hier klicken: Online Shop\/SG Vereinskollektion\u00a0 \u00a0 Beim Shop 247Group\u00a0 k\u00f6nnen auch&hellip;&nbsp;<a href=\"https:\/\/sg-zweidorf-bortfeld.de\/?page_id=3315\" class=\"\" rel=\"bookmark\">Weiterlesen &raquo;<span class=\"screen-reader-text\">Vereinskolletion &#038; Fan Shop<\/span><\/a><\/p>\n","protected":false},"author":1,"featured_media":0,"parent":0,"menu_order":0,"comment_status":"closed","ping_status":"closed","template":"","meta":{"neve_meta_sidebar":"","neve_meta_container":"","neve_meta_enable_content_width":"","neve_meta_content_width":0,"neve_meta_title_alignment":"","neve_meta_author_avatar":"","neve_post_elements_order":"","neve_meta_disable_header":"","neve_meta_disable_footer":"","neve_meta_disable_title":"","footnotes":""},"class_list":["post-3315","page","type-page","status-publish","hentry"],"_links":{"self":[{"href":"https:\/\/sg-zweidorf-bortfeld.de\/index.php?rest_route=\/wp\/v2\/pages\/3315","targetHints":{"allow":["GET"]}}],"collection":[{"href":"https:\/\/sg-zweidorf-bortfeld.de\/index.php?rest_route=\/wp\/v2\/pages"}],"about":[{"href":"https:\/\/sg-zweidorf-bortfeld.de\/index.php?rest_route=\/wp\/v2\/types\/page"}],"author":[{"embeddable":true,"href":"https:\/\/sg-zweidorf-bortfeld.de\/index.php?rest_route=\/wp\/v2\/users\/1"}],"replies":[{"embeddable":true,"href":"https:\/\/sg-zweidorf-bortfeld.de\/index.php?rest_route=%2Fwp%2Fv2%2Fcomments&post=3315"}],"version-history":[{"count":13,"href":"https:\/\/sg-zweidorf-bortfeld.de\/index.php?rest_route=\/wp\/v2\/pages\/3315\/revisions"}],"predecessor-version":[{"id":8787,"href":"https:\/\/sg-zweidorf-bortfeld.de\/index.php?rest_route=\/wp\/v2\/pages\/3315\/revisions\/8787"}],"wp:attachment":[{"href":"https:\/\/sg-zweidorf-bortfeld.de\/index.php?rest_route=%2Fwp%2Fv2%2Fmedia&parent=3315"}],"curies":[{"name":"wp","href":"https:\/\/api.w.org\/{rel}","templated":true}]}}