{"id":306,"date":"2017-10-04T20:05:23","date_gmt":"2017-10-04T18:05:23","guid":{"rendered":"http:\/\/sg.0x0815.de\/?page_id=306"},"modified":"2025-09-08T11:38:24","modified_gmt":"2025-09-08T09:38:24","slug":"minis","status":"publish","type":"page","link":"https:\/\/sg-zweidorf-bortfeld.de\/?page_id=306","title":{"rendered":"Minis"},"content":{"rendered":"<div class=\"wpb-content-wrapper\"><p>[vc_row][vc_column][vc_single_image image=&#8220;8326&#8243; img_size=&#8220;large&#8220; title=&#8220;Minis Zweidorf&#8220;][vc_column_text]Hintere Reihe v.<\/p>\n<p>Trainerin: Silke Schwesinger<\/p>\n<p><em>Trainingszeiten:<\/em><br \/>\nDonnerstag 16:00 Uhr &#8211; 18:00 Uhr, Sporthalle Wendeburg[\/vc_column_text][vc_single_image image=&#8220;8324&#8243; img_size=&#8220;large&#8220; title=&#8220;Minis Bortfeld&#8220;][vc_column_text]<\/p>\n<div>Trainerin: Simone Goes und Monika Bludau<\/div>\n<div>\n<p>Trainingszeit:<br \/>\nMittwoch, 15:45 bis 16:45 Uhr in der Sporthalle Bortfeld<\/p>\n<\/div>\n<p>[\/vc_column_text][vc_single_image image=&#8220;8325&#8243; img_size=&#8220;large&#8220; title=&#8220;Super-Minis Bortfeld&#8220;][vc_column_text]<\/p>\n<div>\n<p>Trainerin: Simone Goes und Monika Bludau<br \/>\nTrainingszeit:<br \/>\nMittwoch, 15.45 bis 16:45 Uhr in der Sporthalle Bortfeld<\/p>\n<p>und zus\u00e4tzlich f\u00fcr &#8222;klitzekleine&#8220; Minis (Anf\u00e4nger):<br \/>\nMittwoch, 15.00 bis 15.45 Uhr, ebenfalls in der Sporthalle Bortfeld (Trainerin Monika Bludau)<\/p>\n<\/div>\n<p>[\/vc_column_text][\/vc_column][\/vc_row][vc_row][vc_column][\/vc_column][vc_column][\/vc_column][\/vc_row]<\/p>\n<\/div>","protected":false},"excerpt":{"rendered":"<p>[vc_row][vc_column][vc_single_image image=&#8220;8326&#8243; img_size=&#8220;large&#8220; title=&#8220;Minis Zweidorf&#8220;][vc_column_text]Hintere Reihe v. Trainerin: Silke Schwesinger Trainingszeiten: Donnerstag 16:00 Uhr &#8211; 18:00 Uhr, Sporthalle Wendeburg[\/vc_column_text][vc_single_image image=&#8220;8324&#8243; img_size=&#8220;large&#8220; title=&#8220;Minis Bortfeld&#8220;][vc_column_text] Trainerin: Simone Goes und Monika Bludau Trainingszeit: Mittwoch, 15:45 bis 16:45 Uhr in der Sporthalle Bortfeld [\/vc_column_text][vc_single_image image=&#8220;8325&#8243; img_size=&#8220;large&#8220; title=&#8220;Super-Minis Bortfeld&#8220;][vc_column_text] Trainerin: Simone Goes und Monika Bludau Trainingszeit: Mittwoch, 15.45 bis 16:45&hellip;&nbsp;<a href=\"https:\/\/sg-zweidorf-bortfeld.de\/?page_id=306\" class=\"\" rel=\"bookmark\">Weiterlesen &raquo;<span class=\"screen-reader-text\">Minis<\/span><\/a><\/p>\n","protected":false},"author":1,"featured_media":0,"parent":0,"menu_order":0,"comment_status":"closed","ping_status":"closed","template":"","meta":{"neve_meta_sidebar":"","neve_meta_container":"","neve_meta_enable_content_width":"off","neve_meta_content_width":100,"neve_meta_title_alignment":"","neve_meta_author_avatar":"","neve_post_elements_order":"","neve_meta_disable_header":"","neve_meta_disable_footer":"","neve_meta_disable_title":"","footnotes":""},"class_list":["post-306","page","type-page","status-publish","hentry"],"_links":{"self":[{"href":"https:\/\/sg-zweidorf-bortfeld.de\/index.php?rest_route=\/wp\/v2\/pages\/306","targetHints":{"allow":["GET"]}}],"collection":[{"href":"https:\/\/sg-zweidorf-bortfeld.de\/index.php?rest_route=\/wp\/v2\/pages"}],"about":[{"href":"https:\/\/sg-zweidorf-bortfeld.de\/index.php?rest_route=\/wp\/v2\/types\/page"}],"author":[{"embeddable":true,"href":"https:\/\/sg-zweidorf-bortfeld.de\/index.php?rest_route=\/wp\/v2\/users\/1"}],"replies":[{"embeddable":true,"href":"https:\/\/sg-zweidorf-bortfeld.de\/index.php?rest_route=%2Fwp%2Fv2%2Fcomments&post=306"}],"version-history":[{"count":26,"href":"https:\/\/sg-zweidorf-bortfeld.de\/index.php?rest_route=\/wp\/v2\/pages\/306\/revisions"}],"predecessor-version":[{"id":8345,"href":"https:\/\/sg-zweidorf-bortfeld.de\/index.php?rest_route=\/wp\/v2\/pages\/306\/revisions\/8345"}],"wp:attachment":[{"href":"https:\/\/sg-zweidorf-bortfeld.de\/index.php?rest_route=%2Fwp%2Fv2%2Fmedia&parent=306"}],"curies":[{"name":"wp","href":"https:\/\/api.w.org\/{rel}","templated":true}]}}