{"id":114,"date":"2017-05-14T20:57:15","date_gmt":"2017-05-14T18:57:15","guid":{"rendered":"http:\/\/localhost:8888\/?page_id=114"},"modified":"2023-10-05T09:16:52","modified_gmt":"2023-10-05T07:16:52","slug":"foerderverein","status":"publish","type":"page","link":"https:\/\/sg-zweidorf-bortfeld.de\/?page_id=114","title":{"rendered":"F\u00f6rderverein"},"content":{"rendered":"\n<figure class=\"wp-block-image size-large\"><img loading=\"lazy\" decoding=\"async\" width=\"1024\" height=\"724\" src=\"https:\/\/sg-zweidorf-bortfeld.de\/wp-content\/uploads\/2023\/10\/Foerder1-1024x724.png\" alt=\"\" class=\"wp-image-6679\" srcset=\"https:\/\/sg-zweidorf-bortfeld.de\/wp-content\/uploads\/2023\/10\/Foerder1-1024x724.png 1024w, https:\/\/sg-zweidorf-bortfeld.de\/wp-content\/uploads\/2023\/10\/Foerder1-300x212.png 300w, https:\/\/sg-zweidorf-bortfeld.de\/wp-content\/uploads\/2023\/10\/Foerder1-768x543.png 768w, https:\/\/sg-zweidorf-bortfeld.de\/wp-content\/uploads\/2023\/10\/Foerder1.png 1117w\" sizes=\"auto, (max-width: 1024px) 100vw, 1024px\" \/><\/figure>\n\n\n\n<figure class=\"wp-block-image size-large\"><img loading=\"lazy\" decoding=\"async\" width=\"1024\" height=\"529\" src=\"https:\/\/sg-zweidorf-bortfeld.de\/wp-content\/uploads\/2023\/10\/Foerder2-1024x529.png\" alt=\"\" class=\"wp-image-6680\" srcset=\"https:\/\/sg-zweidorf-bortfeld.de\/wp-content\/uploads\/2023\/10\/Foerder2-1024x529.png 1024w, https:\/\/sg-zweidorf-bortfeld.de\/wp-content\/uploads\/2023\/10\/Foerder2-300x155.png 300w, https:\/\/sg-zweidorf-bortfeld.de\/wp-content\/uploads\/2023\/10\/Foerder2-768x397.png 768w, https:\/\/sg-zweidorf-bortfeld.de\/wp-content\/uploads\/2023\/10\/Foerder2.png 1112w\" sizes=\"auto, (max-width: 1024px) 100vw, 1024px\" \/><\/figure>\n\n\n<div class=\"page\" title=\"Page 1\">\n<div class=\"layoutArea\">\n<div class=\"column\">\n<h6>\u00a0<\/h6>\n<h6>Hier gehts zum\u00a0<span style=\"color: #ff0000;\"><a style=\"color: #ff0000;\" href=\"https:\/\/sg-zweidorf-bortfeld.de\/wp-content\/uploads\/2022\/06\/Mitgliedschaft-im-Foerderverein-fuer-Sportler_neu-2022-1.pdf\">Aufnahmeantrag f\u00fcr den F\u00f6rderverein<\/a><\/span><\/h6>\n<p>Der Handball F\u00f6rderverein der SG Zweidorf\/Bortfeld e.V. wurde im November 2012 auf Initiative einiger Mitglieder der SG gegr\u00fcndet. Der Verein bezweckt die finanzielle und ideelle Unterst\u00fctzung und F\u00f6rderung des Handballsports in den Stammvereinen der SG Zweidorf\/Bortfeld.<\/p>\n<p>Einen besonderen Schwerpunkt der Arbeit legt der F\u00f6rderverein dabei auf die Jugendarbeit und die Unterst\u00fctzung unserer Nachwuchsmannschaften. Mit zahlreichen Aktivit\u00e4ten, \u00fcber die wir auch in loser Folge hier auf der Homepage und in der Hallenzeitung &#8222;Der Kreisl\u00e4ufer&#8220; berichten werden, unterst\u00fctzen wir unsere Teams.<\/p>\n<p>Der F\u00f6rderverein ist beim Finanzamt Braunschweig-Land als gemeinn\u00fctzig anerkannt, d.h. dem Finanzamt gegen\u00fcber wird nachgewiesen, dass finanzielle Mittel nur f\u00fcr satzungsgem\u00e4\u00dfe Zwecke verwendet werden. Im Vereinsregister beim Amtsgericht Braunschweig ist der F\u00f6rderverein unter der Nummer Nr. 201051 registriert. Die\u00a0<a href=\"http:\/\/sg-zweidorf-bortfeld.de\/wp-content\/uploads\/2017\/09\/satzung_stand_14_11_2012.pdf\">Satzung<\/a>\u00a0h\u00e4ndigen wir auf Wunsch gern aus.<\/p>\n<p>Der Mitgliedsbeitrag wird von der Mitgliederversammlung festgelegt. Er betr\u00e4gt derzeit <strong>25,&#8211; Euro j\u00e4hrlich <\/strong>f\u00fcr Privatpersonen. Der Jahresbeitrag f\u00fcr Unternehmen (juristische Personen) betr\u00e4gt 100,&#8211; Euro.<\/p>\n<p>Einzelspenden sind &#8211; auch ohne Erwerb der Mitgliedschaft &#8211; jederzeit m\u00f6glich. Die Zuwendungen an den F\u00f6rderverein lassen sich steuerlich absetzen. Bis 200,&#8211; Euro reicht die Vorlage eines Einzahlungsbeleges oder Kontoauszuges. Zus\u00e4tzlich erhalten Sie in jedem Fall ohne besondere Aufforderung eine ordnungsgem\u00e4\u00dfe Spendenquittung.<\/p>\n<\/div>\n<\/div>\n<\/div>\n<p><strong>Vorstand<br \/><\/strong>Maik Dathe, Vorsitzender, E-Mail:\u00a0<a href=\"mailto:m.dathe@web.de\">m.dathe@web.de<\/a><br \/>Ulrich Bollmann, Kassenwart, E-Mail: <a href=\"mailto:ulrich.bollmann@sg-zweidorf-bortfeld.de\">ulrich.bollmann@sg-zweidorf-bortfeld.de<\/a><br \/>Natascha Heckeroth,\u00a0Schriftf\u00fchrerin, E-Mail:\u00a0<a href=\"mailto:natascha_heckeroth@t-online.de\">natascha_heckeroth@t-online.de<\/a><\/p>\n<h6 class=\"krsonder\">\u00a0<\/h6>","protected":false},"excerpt":{"rendered":"<p>\u00a0 Hier gehts zum\u00a0Aufnahmeantrag f\u00fcr den F\u00f6rderverein Der Handball F\u00f6rderverein der SG Zweidorf\/Bortfeld e.V. wurde im November 2012 auf Initiative einiger Mitglieder der SG gegr\u00fcndet. Der Verein bezweckt die finanzielle und ideelle Unterst\u00fctzung und F\u00f6rderung des Handballsports in den Stammvereinen der SG Zweidorf\/Bortfeld. Einen besonderen Schwerpunkt der Arbeit legt der F\u00f6rderverein dabei auf die Jugendarbeit&hellip;&nbsp;<a href=\"https:\/\/sg-zweidorf-bortfeld.de\/?page_id=114\" class=\"\" rel=\"bookmark\">Weiterlesen &raquo;<span class=\"screen-reader-text\">F\u00f6rderverein<\/span><\/a><\/p>\n","protected":false},"author":1,"featured_media":4389,"parent":0,"menu_order":0,"comment_status":"closed","ping_status":"closed","template":"","meta":{"neve_meta_sidebar":"","neve_meta_container":"","neve_meta_enable_content_width":"off","neve_meta_content_width":100,"neve_meta_title_alignment":"","neve_meta_author_avatar":"","neve_post_elements_order":"","neve_meta_disable_header":"","neve_meta_disable_footer":"","neve_meta_disable_title":"","footnotes":""},"class_list":["post-114","page","type-page","status-publish","has-post-thumbnail","hentry"],"_links":{"self":[{"href":"https:\/\/sg-zweidorf-bortfeld.de\/index.php?rest_route=\/wp\/v2\/pages\/114","targetHints":{"allow":["GET"]}}],"collection":[{"href":"https:\/\/sg-zweidorf-bortfeld.de\/index.php?rest_route=\/wp\/v2\/pages"}],"about":[{"href":"https:\/\/sg-zweidorf-bortfeld.de\/index.php?rest_route=\/wp\/v2\/types\/page"}],"author":[{"embeddable":true,"href":"https:\/\/sg-zweidorf-bortfeld.de\/index.php?rest_route=\/wp\/v2\/users\/1"}],"replies":[{"embeddable":true,"href":"https:\/\/sg-zweidorf-bortfeld.de\/index.php?rest_route=%2Fwp%2Fv2%2Fcomments&post=114"}],"version-history":[{"count":40,"href":"https:\/\/sg-zweidorf-bortfeld.de\/index.php?rest_route=\/wp\/v2\/pages\/114\/revisions"}],"predecessor-version":[{"id":6690,"href":"https:\/\/sg-zweidorf-bortfeld.de\/index.php?rest_route=\/wp\/v2\/pages\/114\/revisions\/6690"}],"wp:featuredmedia":[{"embeddable":true,"href":"https:\/\/sg-zweidorf-bortfeld.de\/index.php?rest_route=\/wp\/v2\/media\/4389"}],"wp:attachment":[{"href":"https:\/\/sg-zweidorf-bortfeld.de\/index.php?rest_route=%2Fwp%2Fv2%2Fmedia&parent=114"}],"curies":[{"name":"wp","href":"https:\/\/api.w.org\/{rel}","templated":true}]}}